{"id":24619,"date":"2019-11-18T15:32:23","date_gmt":"2019-11-18T15:32:23","guid":{"rendered":"https:\/\/hostelingeri.ee\/booking\/"},"modified":"2019-11-20T11:42:30","modified_gmt":"2019-11-20T11:42:30","slug":"booking","status":"publish","type":"page","link":"https:\/\/hostelingeri.ee\/en\/booking\/","title":{"rendered":"Booking"},"content":{"rendered":"<p>[et_pb_section fb_built=&#8221;1&#8243; _builder_version=&#8221;3.29.2&#8243; background_color=&#8221;#FAF6F1&#8243; custom_margin=&#8221;|2%||2%|false|true&#8221; custom_padding=&#8221;110px||110px||true|false&#8221;][et_pb_row use_custom_gutter=&#8221;on&#8221; gutter_width=&#8221;2&#8243; make_equal=&#8221;on&#8221; _builder_version=&#8221;3.29.2&#8243; width=&#8221;96%&#8221; width_tablet=&#8221;90%&#8221; width_phone=&#8221;90%&#8221; width_last_edited=&#8221;on|phone&#8221; max_width=&#8221;1300px&#8221; max_width_tablet=&#8221;90%&#8221; max_width_phone=&#8221;90%&#8221; max_width_last_edited=&#8221;on|tablet&#8221;][et_pb_column type=&#8221;4_4&#8243; _builder_version=&#8221;3.29.2&#8243;][et_pb_text _builder_version=&#8221;4.0.6&#8243; text_font=&#8221;Cinzel|700|||||||&#8221; text_text_color=&#8221;#CF9D6C&#8221; text_letter_spacing=&#8221;2px&#8221; text_line_height=&#8221;1em&#8221; header_2_font=&#8221;Cinzel||||||||&#8221; header_2_text_align=&#8221;center&#8221; header_2_text_color=&#8221;#000000&#8243; header_2_font_size=&#8221;50px&#8221; animation_style=&#8221;slide&#8221; animation_direction=&#8221;bottom&#8221; header_2_font_size_tablet=&#8221;&#8221; header_2_font_size_phone=&#8221;30px&#8221; header_2_font_size_last_edited=&#8221;on|phone&#8221;]<\/p>\n<h2>Booking<\/h2>\n<p style=\"text-align: center;\">NB! The booking is confirmed when you have received a written response.<\/p>\n<p>[\/et_pb_text][\/et_pb_column][\/et_pb_row][et_pb_row disabled_on=&#8221;off|off|off&#8221; _builder_version=&#8221;4.0.6&#8243;][et_pb_column type=&#8221;4_4&#8243; _builder_version=&#8221;4.0.6&#8243;][et_pb_contact_form email=&#8221;ingerihostel@gmail.com&#8221; custom_message=&#8221;Nimi: %%Nimi%%||et_pb_line_break_holder||Email: %%Email%%||et_pb_line_break_holder||Telefon: %%Telefon%%||et_pb_line_break_holder||Saabumine %%Saabumine%%||et_pb_line_break_holder||Lahkumine: %%Lahkumine%%||et_pb_line_break_holder||T\u00fc\u00fcp: %%T\u00fc\u00fcp%%||et_pb_line_break_holder||Arv: %%Arv%%||et_pb_line_break_holder||||et_pb_line_break_holder||Lisainfo: %%Lisainfo%%||et_pb_line_break_holder||&#8221; success_message=&#8221;Thank you! We will contact you soon!&#8221; submit_button_text=&#8221;Send&#8221; disabled_on=&#8221;off|off|off&#8221; _builder_version=&#8221;4.0.6&#8243; form_field_background_color=&#8221;rgba(255,255,255,0.8)&#8221; form_field_text_color=&#8221;#000000&#8243; captcha_font=&#8221;Ubuntu|300|||||||&#8221; captcha_text_color=&#8221;#000000&#8243; captcha_font_size=&#8221;16px&#8221; form_field_font=&#8221;Ubuntu|300|||||||&#8221; form_field_font_size=&#8221;15px&#8221; custom_button=&#8221;on&#8221; button_text_color=&#8221;#a82842&#8243; button_use_icon=&#8221;off&#8221; hover_enabled=&#8221;0&#8243;][et_pb_contact_field field_id=&#8221;Nimi&#8221; field_title=&#8221;Name&#8221; _builder_version=&#8221;4.0.6&#8243; button_text_size__hover_enabled=&#8221;off&#8221; button_one_text_size__hover_enabled=&#8221;off&#8221; button_two_text_size__hover_enabled=&#8221;off&#8221; button_text_color__hover_enabled=&#8221;off&#8221; button_one_text_color__hover_enabled=&#8221;off&#8221; button_two_text_color__hover_enabled=&#8221;off&#8221; button_border_width__hover_enabled=&#8221;off&#8221; button_one_border_width__hover_enabled=&#8221;off&#8221; button_two_border_width__hover_enabled=&#8221;off&#8221; button_border_color__hover_enabled=&#8221;off&#8221; button_one_border_color__hover_enabled=&#8221;off&#8221; button_two_border_color__hover_enabled=&#8221;off&#8221; button_border_radius__hover_enabled=&#8221;off&#8221; button_one_border_radius__hover_enabled=&#8221;off&#8221; button_two_border_radius__hover_enabled=&#8221;off&#8221; button_letter_spacing__hover_enabled=&#8221;off&#8221; button_one_letter_spacing__hover_enabled=&#8221;off&#8221; button_two_letter_spacing__hover_enabled=&#8221;off&#8221; button_bg_color__hover_enabled=&#8221;off&#8221; button_one_bg_color__hover_enabled=&#8221;off&#8221; button_two_bg_color__hover_enabled=&#8221;off&#8221;][\/et_pb_contact_field][et_pb_contact_field field_id=&#8221;Email&#8221; field_title=&#8221;Email&#8221; field_type=&#8221;email&#8221; _builder_version=&#8221;4.0.6&#8243; button_text_size__hover_enabled=&#8221;off&#8221; button_one_text_size__hover_enabled=&#8221;off&#8221; button_two_text_size__hover_enabled=&#8221;off&#8221; button_text_color__hover_enabled=&#8221;off&#8221; button_one_text_color__hover_enabled=&#8221;off&#8221; button_two_text_color__hover_enabled=&#8221;off&#8221; button_border_width__hover_enabled=&#8221;off&#8221; button_one_border_width__hover_enabled=&#8221;off&#8221; button_two_border_width__hover_enabled=&#8221;off&#8221; button_border_color__hover_enabled=&#8221;off&#8221; button_one_border_color__hover_enabled=&#8221;off&#8221; button_two_border_color__hover_enabled=&#8221;off&#8221; button_border_radius__hover_enabled=&#8221;off&#8221; button_one_border_radius__hover_enabled=&#8221;off&#8221; button_two_border_radius__hover_enabled=&#8221;off&#8221; button_letter_spacing__hover_enabled=&#8221;off&#8221; button_one_letter_spacing__hover_enabled=&#8221;off&#8221; button_two_letter_spacing__hover_enabled=&#8221;off&#8221; button_bg_color__hover_enabled=&#8221;off&#8221; button_one_bg_color__hover_enabled=&#8221;off&#8221; button_two_bg_color__hover_enabled=&#8221;off&#8221;][\/et_pb_contact_field][et_pb_contact_field field_id=&#8221;Telefon&#8221; field_title=&#8221;Phone&#8221; _builder_version=&#8221;4.0.6&#8243;][\/et_pb_contact_field][et_pb_contact_field field_id=&#8221;Saabumine&#8221; field_title=&#8221;Arrival date&#8221; _builder_version=&#8221;4.0.6&#8243;][\/et_pb_contact_field][et_pb_contact_field field_id=&#8221;Lahkumine&#8221; field_title=&#8221;Leaving date&#8221; _builder_version=&#8221;4.0.6&#8243;][\/et_pb_contact_field][et_pb_contact_field field_id=&#8221;T\u00fc\u00fcp&#8221; field_title=&#8221;Room size&#8221; field_type=&#8221;select&#8221; select_options=&#8221;%91{%22value%22:%22Single room%22,%22checked%22:0,%22dragID%22:-1},{%22value%22:%22Small twin room%22,%22checked%22:0,%22dragID%22:0},{%22value%22:%22Big twin room%22,%22checked%22:0,%22dragID%22:1}%93&#8243; _builder_version=&#8221;4.0.6&#8243; hover_enabled=&#8221;0&#8243;][\/et_pb_contact_field][et_pb_contact_field field_id=&#8221;Arv&#8221; field_title=&#8221;How many rooms&#8221; field_type=&#8221;select&#8221; select_options=&#8221;%91{%22value%22:%221%22,%22checked%22:0,%22dragID%22:-1},{%22value%22:%222%22,%22checked%22:0,%22dragID%22:0},{%22value%22:%223%22,%22checked%22:0,%22dragID%22:1},{%22value%22:%224%22,%22checked%22:0,%22dragID%22:2},{%22value%22:%225%22,%22checked%22:0,%22dragID%22:3},{%22value%22:%226%22,%22checked%22:0,%22dragID%22:4}%93&#8243; _builder_version=&#8221;4.0.6&#8243; hover_enabled=&#8221;0&#8243;][\/et_pb_contact_field][et_pb_contact_field field_id=&#8221;Lisainfo&#8221; field_title=&#8221;Additional info&#8221; field_type=&#8221;text&#8221; _builder_version=&#8221;4.0.6&#8243; button_text_size__hover_enabled=&#8221;off&#8221; button_one_text_size__hover_enabled=&#8221;off&#8221; button_two_text_size__hover_enabled=&#8221;off&#8221; button_text_color__hover_enabled=&#8221;off&#8221; button_one_text_color__hover_enabled=&#8221;off&#8221; button_two_text_color__hover_enabled=&#8221;off&#8221; button_border_width__hover_enabled=&#8221;off&#8221; button_one_border_width__hover_enabled=&#8221;off&#8221; button_two_border_width__hover_enabled=&#8221;off&#8221; button_border_color__hover_enabled=&#8221;off&#8221; button_one_border_color__hover_enabled=&#8221;off&#8221; button_two_border_color__hover_enabled=&#8221;off&#8221; button_border_radius__hover_enabled=&#8221;off&#8221; button_one_border_radius__hover_enabled=&#8221;off&#8221; button_two_border_radius__hover_enabled=&#8221;off&#8221; button_letter_spacing__hover_enabled=&#8221;off&#8221; button_one_letter_spacing__hover_enabled=&#8221;off&#8221; button_two_letter_spacing__hover_enabled=&#8221;off&#8221; button_bg_color__hover_enabled=&#8221;off&#8221; button_one_bg_color__hover_enabled=&#8221;off&#8221; button_two_bg_color__hover_enabled=&#8221;off&#8221;][\/et_pb_contact_field][\/et_pb_contact_form][\/et_pb_column][\/et_pb_row][\/et_pb_section]<\/p>\n","protected":false},"excerpt":{"rendered":"<p>Booking NB! The booking is confirmed when you have received a written response.<\/p>\n","protected":false},"author":1,"featured_media":0,"parent":0,"menu_order":0,"comment_status":"closed","ping_status":"closed","template":"","meta":{"_et_pb_use_builder":"on","_et_pb_old_content":"","_et_gb_content_width":"","footnotes":""},"class_list":["post-24619","page","type-page","status-publish","hentry"],"_links":{"self":[{"href":"https:\/\/hostelingeri.ee\/en\/wp-json\/wp\/v2\/pages\/24619","targetHints":{"allow":["GET"]}}],"collection":[{"href":"https:\/\/hostelingeri.ee\/en\/wp-json\/wp\/v2\/pages"}],"about":[{"href":"https:\/\/hostelingeri.ee\/en\/wp-json\/wp\/v2\/types\/page"}],"author":[{"embeddable":true,"href":"https:\/\/hostelingeri.ee\/en\/wp-json\/wp\/v2\/users\/1"}],"replies":[{"embeddable":true,"href":"https:\/\/hostelingeri.ee\/en\/wp-json\/wp\/v2\/comments?post=24619"}],"version-history":[{"count":8,"href":"https:\/\/hostelingeri.ee\/en\/wp-json\/wp\/v2\/pages\/24619\/revisions"}],"predecessor-version":[{"id":24703,"href":"https:\/\/hostelingeri.ee\/en\/wp-json\/wp\/v2\/pages\/24619\/revisions\/24703"}],"wp:attachment":[{"href":"https:\/\/hostelingeri.ee\/en\/wp-json\/wp\/v2\/media?parent=24619"}],"curies":[{"name":"wp","href":"https:\/\/api.w.org\/{rel}","templated":true}]}}