{"id":24654,"date":"2019-11-18T17:22:50","date_gmt":"2019-11-18T17:22:50","guid":{"rendered":"https:\/\/hostelingeri.ee\/hinnasto\/"},"modified":"2025-05-13T15:21:42","modified_gmt":"2025-05-13T15:21:42","slug":"hinnasto","status":"publish","type":"page","link":"https:\/\/hostelingeri.ee\/fi\/hinnasto\/","title":{"rendered":"Hinnasto"},"content":{"rendered":"<p>[et_pb_section fb_built=&#8221;1&#8243; _builder_version=&#8221;3.29.2&#8243; background_color=&#8221;#FAF6F1&#8243; min_height=&#8221;817px&#8221; custom_margin=&#8221;|2%||2%|false|true&#8221; custom_padding=&#8221;61px||61px||true|false&#8221;][et_pb_row use_custom_gutter=&#8221;on&#8221; gutter_width=&#8221;2&#8243; make_equal=&#8221;on&#8221; _builder_version=&#8221;3.29.2&#8243; width=&#8221;96%&#8221; width_tablet=&#8221;90%&#8221; width_phone=&#8221;90%&#8221; width_last_edited=&#8221;on|phone&#8221; max_width=&#8221;1300px&#8221; max_width_tablet=&#8221;90%&#8221; max_width_phone=&#8221;90%&#8221; max_width_last_edited=&#8221;on|tablet&#8221;][et_pb_column type=&#8221;4_4&#8243; _builder_version=&#8221;3.29.2&#8243;][et_pb_text _builder_version=&#8221;4.0.6&#8243; text_font=&#8221;Cinzel|700|||||||&#8221; text_text_color=&#8221;#CF9D6C&#8221; text_letter_spacing=&#8221;2px&#8221; text_line_height=&#8221;1em&#8221; header_2_font=&#8221;Cinzel||||||||&#8221; header_2_text_align=&#8221;center&#8221; header_2_text_color=&#8221;#000000&#8243; header_2_font_size=&#8221;50px&#8221; animation_style=&#8221;slide&#8221; animation_direction=&#8221;bottom&#8221; header_2_font_size_tablet=&#8221;&#8221; header_2_font_size_phone=&#8221;30px&#8221; header_2_font_size_last_edited=&#8221;on|phone&#8221;]<\/p>\n<h2>Hinnasto<\/h2>\n<p style=\"text-align: center;\">Viihtyis\u00e4ss\u00e4 hostelissa on kuusi kahden hengen huonetta (jokaisessa huoneessa WC ja suihku sek\u00e4 TV), paikkoja yhteens\u00e4 12, tarvittaessa 4 lis\u00e4s\u00e4nky\u00e4.<\/p>\n<p>[\/et_pb_text][\/et_pb_column][\/et_pb_row][et_pb_row column_structure=&#8221;1_2,1_2&#8243; use_custom_gutter=&#8221;on&#8221; gutter_width=&#8221;2&#8243; make_equal=&#8221;on&#8221; _builder_version=&#8221;4.0.6&#8243; custom_padding=&#8221;18px|0px|42px|0px|false|false&#8221; border_width_bottom=&#8221;1px&#8221; border_color_bottom=&#8221;#c9c9c9&#8243;][et_pb_column type=&#8221;1_2&#8243; _builder_version=&#8221;4.0.6&#8243; custom_padding=&#8221;|||&#8221; custom_padding__hover=&#8221;|||&#8221;][et_pb_text _builder_version=&#8221;4.0.6&#8243; text_font=&#8221;Cinzel||||||||&#8221; text_text_color=&#8221;#000000&#8243; text_font_size=&#8221;36px&#8221; text_line_height=&#8221;1.8em&#8221; header_font=&#8221;Cinzel|700|||||||&#8221; header_text_align=&#8221;center&#8221; header_text_color=&#8221;#a82842&#8243; header_font_size=&#8221;50px&#8221; text_orientation=&#8221;center&#8221; custom_padding=&#8221;10px||&#8221;]1 henkil\u00f6[\/et_pb_text][\/et_pb_column][et_pb_column type=&#8221;1_2&#8243; _builder_version=&#8221;3.25&#8243; custom_padding=&#8221;|||&#8221; custom_padding__hover=&#8221;|||&#8221;][et_pb_text _builder_version=&#8221;4.0.6&#8243; text_font=&#8221;Nunito Sans||||||||&#8221; text_text_color=&#8221;#5499D4&#8243; text_font_size=&#8221;16px&#8221; text_line_height=&#8221;1.8em&#8221; header_font=&#8221;Cinzel|700|||||||&#8221; header_text_align=&#8221;center&#8221; header_text_color=&#8221;#a82842&#8243; header_font_size=&#8221;50px&#8221; custom_padding=&#8221;10px||&#8221;]<\/p>\n<h1>55 \u20ac<\/h1>\n<p>[\/et_pb_text][\/et_pb_column][\/et_pb_row][et_pb_row column_structure=&#8221;1_2,1_2&#8243; use_custom_gutter=&#8221;on&#8221; gutter_width=&#8221;2&#8243; make_equal=&#8221;on&#8221; _builder_version=&#8221;4.0.6&#8243; custom_padding=&#8221;18px|0px|42px|0px|false|false&#8221; border_width_bottom=&#8221;1px&#8221; border_color_bottom=&#8221;#c9c9c9&#8243;][et_pb_column type=&#8221;1_2&#8243; _builder_version=&#8221;4.0.6&#8243; custom_padding=&#8221;|||&#8221; custom_padding__hover=&#8221;|||&#8221;][et_pb_text _builder_version=&#8221;4.0.6&#8243; text_font=&#8221;Cinzel||||||||&#8221; text_text_color=&#8221;#000000&#8243; text_font_size=&#8221;36px&#8221; text_line_height=&#8221;1.8em&#8221; header_font=&#8221;Cinzel|700|||||||&#8221; header_text_align=&#8221;center&#8221; header_text_color=&#8221;#a82842&#8243; header_font_size=&#8221;50px&#8221; text_orientation=&#8221;center&#8221; custom_padding=&#8221;10px||&#8221;]2 henkil\u00f6\u00e4 pienemm\u00e4ss\u00e4 huoneessa[\/et_pb_text][\/et_pb_column][et_pb_column type=&#8221;1_2&#8243; _builder_version=&#8221;3.25&#8243; custom_padding=&#8221;|||&#8221; custom_padding__hover=&#8221;|||&#8221;][et_pb_text _builder_version=&#8221;4.0.6&#8243; text_font=&#8221;Nunito Sans||||||||&#8221; text_text_color=&#8221;#5499D4&#8243; text_font_size=&#8221;16px&#8221; text_line_height=&#8221;1.8em&#8221; header_font=&#8221;Cinzel|700|||||||&#8221; header_text_align=&#8221;center&#8221; header_text_color=&#8221;#a82842&#8243; header_font_size=&#8221;50px&#8221; custom_padding=&#8221;10px||&#8221;]<\/p>\n<h1>65 \u20ac<\/h1>\n<p>[\/et_pb_text][\/et_pb_column][\/et_pb_row][et_pb_row column_structure=&#8221;1_2,1_2&#8243; use_custom_gutter=&#8221;on&#8221; gutter_width=&#8221;2&#8243; make_equal=&#8221;on&#8221; _builder_version=&#8221;4.0.6&#8243; custom_padding=&#8221;18px|0px|42px|0px|false|false&#8221; border_width_bottom=&#8221;1px&#8221; border_color_bottom=&#8221;#c9c9c9&#8243;][et_pb_column type=&#8221;1_2&#8243; _builder_version=&#8221;4.0.6&#8243; custom_padding=&#8221;|||&#8221; custom_padding__hover=&#8221;|||&#8221;][et_pb_text _builder_version=&#8221;4.0.6&#8243; text_font=&#8221;Cinzel||||||||&#8221; text_text_color=&#8221;#000000&#8243; text_font_size=&#8221;36px&#8221; text_line_height=&#8221;1.8em&#8221; header_font=&#8221;Cinzel|700|||||||&#8221; header_text_align=&#8221;center&#8221; header_text_color=&#8221;#a82842&#8243; header_font_size=&#8221;50px&#8221; text_orientation=&#8221;center&#8221; custom_padding=&#8221;10px||&#8221;]2 henkil\u00f6\u00e4 isommassa huoneessa[\/et_pb_text][\/et_pb_column][et_pb_column type=&#8221;1_2&#8243; _builder_version=&#8221;3.25&#8243; custom_padding=&#8221;|||&#8221; custom_padding__hover=&#8221;|||&#8221;][et_pb_text _builder_version=&#8221;4.0.6&#8243; text_font=&#8221;Nunito Sans||||||||&#8221; text_text_color=&#8221;#5499D4&#8243; text_font_size=&#8221;16px&#8221; text_line_height=&#8221;1.8em&#8221; header_font=&#8221;Cinzel|700|||||||&#8221; header_text_align=&#8221;center&#8221; header_text_color=&#8221;#a82842&#8243; header_font_size=&#8221;50px&#8221; custom_padding=&#8221;10px||&#8221;]<\/p>\n<h1>70 \u20ac<\/h1>\n<p>[\/et_pb_text][\/et_pb_column][\/et_pb_row][et_pb_row column_structure=&#8221;1_2,1_2&#8243; use_custom_gutter=&#8221;on&#8221; gutter_width=&#8221;2&#8243; make_equal=&#8221;on&#8221; _builder_version=&#8221;4.0.6&#8243; custom_padding=&#8221;18px|0px|42px|0px|false|false&#8221; border_width_bottom=&#8221;1px&#8221; border_color_bottom=&#8221;#c9c9c9&#8243;][et_pb_column type=&#8221;1_2&#8243; _builder_version=&#8221;4.0.6&#8243; custom_padding=&#8221;|||&#8221; custom_padding__hover=&#8221;|||&#8221;][et_pb_text _builder_version=&#8221;4.0.6&#8243; text_font=&#8221;Cinzel||||||||&#8221; text_text_color=&#8221;#000000&#8243; text_font_size=&#8221;36px&#8221; text_line_height=&#8221;1.8em&#8221; header_font=&#8221;Cinzel|700|||||||&#8221; header_text_align=&#8221;center&#8221; header_text_color=&#8221;#a82842&#8243; header_font_size=&#8221;50px&#8221; text_orientation=&#8221;center&#8221; custom_padding=&#8221;10px||&#8221;]lis\u00e4vuode[\/et_pb_text][\/et_pb_column][et_pb_column type=&#8221;1_2&#8243; _builder_version=&#8221;3.25&#8243; custom_padding=&#8221;|||&#8221; custom_padding__hover=&#8221;|||&#8221;][et_pb_text _builder_version=&#8221;4.0.6&#8243; text_font=&#8221;Nunito Sans||||||||&#8221; text_text_color=&#8221;#5499D4&#8243; text_font_size=&#8221;16px&#8221; text_line_height=&#8221;1.8em&#8221; header_font=&#8221;Cinzel|700|||||||&#8221; header_text_align=&#8221;center&#8221; header_text_color=&#8221;#a82842&#8243; header_font_size=&#8221;50px&#8221; custom_padding=&#8221;10px||&#8221;]<\/p>\n<h1>15 \u20ac<\/h1>\n<p>[\/et_pb_text][\/et_pb_column][\/et_pb_row][\/et_pb_section]<\/p>\n","protected":false},"excerpt":{"rendered":"<p>Hinnasto Viihtyis\u00e4ss\u00e4 hostelissa on kuusi kahden hengen huonetta (jokaisessa huoneessa WC ja suihku sek\u00e4 TV), paikkoja yhteens\u00e4 12, tarvittaessa 4 lis\u00e4s\u00e4nky\u00e4.1 henkil\u00f655 \u20ac2 henkil\u00f6\u00e4 pienemm\u00e4ss\u00e4 huoneessa65 \u20ac2 henkil\u00f6\u00e4 isommassa huoneessa70 \u20aclis\u00e4vuode15 \u20ac<\/p>\n","protected":false},"author":1,"featured_media":0,"parent":0,"menu_order":0,"comment_status":"closed","ping_status":"closed","template":"","meta":{"_et_pb_use_builder":"on","_et_pb_old_content":"","_et_gb_content_width":"","footnotes":""},"class_list":["post-24654","page","type-page","status-publish","hentry"],"_links":{"self":[{"href":"https:\/\/hostelingeri.ee\/fi\/wp-json\/wp\/v2\/pages\/24654","targetHints":{"allow":["GET"]}}],"collection":[{"href":"https:\/\/hostelingeri.ee\/fi\/wp-json\/wp\/v2\/pages"}],"about":[{"href":"https:\/\/hostelingeri.ee\/fi\/wp-json\/wp\/v2\/types\/page"}],"author":[{"embeddable":true,"href":"https:\/\/hostelingeri.ee\/fi\/wp-json\/wp\/v2\/users\/1"}],"replies":[{"embeddable":true,"href":"https:\/\/hostelingeri.ee\/fi\/wp-json\/wp\/v2\/comments?post=24654"}],"version-history":[{"count":10,"href":"https:\/\/hostelingeri.ee\/fi\/wp-json\/wp\/v2\/pages\/24654\/revisions"}],"predecessor-version":[{"id":24910,"href":"https:\/\/hostelingeri.ee\/fi\/wp-json\/wp\/v2\/pages\/24654\/revisions\/24910"}],"wp:attachment":[{"href":"https:\/\/hostelingeri.ee\/fi\/wp-json\/wp\/v2\/media?parent=24654"}],"curies":[{"name":"wp","href":"https:\/\/api.w.org\/{rel}","templated":true}]}}